{"id":3540,"date":"2026-01-27T14:26:15","date_gmt":"2026-01-27T14:26:15","guid":{"rendered":"https:\/\/laestaciononline.com.ar\/?page_id=3540"},"modified":"2026-03-15T15:16:30","modified_gmt":"2026-03-15T15:16:30","slug":"policiales","status":"publish","type":"page","link":"https:\/\/laestaciononline.com.ar\/?page_id=3540","title":{"rendered":"Policiales"},"content":{"rendered":"\n<figure class=\"wp-block-embed is-type-wp-embed is-provider-embed wp-block-embed-embed\"><div class=\"wp-block-embed__wrapper\">\n<blockquote class=\"wp-embedded-content\" data-secret=\"KWwlVyzOnB\"><a href=\"https:\/\/laestaciononline.com.ar\/?p=3982\">Cae banda narco vinculada a un doble femicidio en La Matanza: hallaron un campamento de venta de drogas junto al r\u00edo<\/a><\/blockquote><iframe loading=\"lazy\" class=\"wp-embedded-content\" sandbox=\"allow-scripts\" security=\"restricted\" style=\"position: absolute; visibility: hidden;\" title=\"&#8220;Cae banda narco vinculada a un doble femicidio en La Matanza: hallaron un campamento de venta de drogas junto al r\u00edo&#8221; &#8212; \" src=\"https:\/\/laestaciononline.com.ar\/?p=3982&#038;embed=true#?secret=SJGi2Ny0r0#?secret=KWwlVyzOnB\" data-secret=\"KWwlVyzOnB\" width=\"600\" height=\"338\" frameborder=\"0\" marginwidth=\"0\" marginheight=\"0\" scrolling=\"no\"><\/iframe>\n<\/div><\/figure>\n\n\n\n<figure class=\"wp-block-embed is-type-wp-embed is-provider-embed wp-block-embed-embed\"><div class=\"wp-block-embed__wrapper\">\n<blockquote class=\"wp-embedded-content\" data-secret=\"09eHBJ2Fj8\"><a href=\"https:\/\/laestaciononline.com.ar\/?p=3768\">Alerta por la creciente ola de robos domiciliarios a jubilados en CABA y el Conurbano<\/a><\/blockquote><iframe loading=\"lazy\" class=\"wp-embedded-content\" sandbox=\"allow-scripts\" security=\"restricted\" style=\"position: absolute; visibility: hidden;\" title=\"&#8220;Alerta por la creciente ola de robos domiciliarios a jubilados en CABA y el Conurbano&#8221; &#8212; \" src=\"https:\/\/laestaciononline.com.ar\/?p=3768&#038;embed=true#?secret=3HWPnhEQy6#?secret=09eHBJ2Fj8\" data-secret=\"09eHBJ2Fj8\" width=\"600\" height=\"338\" frameborder=\"0\" marginwidth=\"0\" marginheight=\"0\" scrolling=\"no\"><\/iframe>\n<\/div><\/figure>\n\n\n\n<figure class=\"wp-block-embed is-type-wp-embed is-provider-embed wp-block-embed-embed\"><div class=\"wp-block-embed__wrapper\">\n<blockquote class=\"wp-embedded-content\" data-secret=\"B9eLRPoFKu\"><a href=\"https:\/\/laestaciononline.com.ar\/?p=3740\">Lomas de Zamora, en foco por la inseguridad: violento robo en la casa de la madre de Sergio Lapeg\u00fce<\/a><\/blockquote><iframe loading=\"lazy\" class=\"wp-embedded-content\" sandbox=\"allow-scripts\" security=\"restricted\" style=\"position: absolute; visibility: hidden;\" title=\"&#8220;Lomas de Zamora, en foco por la inseguridad: violento robo en la casa de la madre de Sergio Lapeg\u00fce&#8221; &#8212; \" src=\"https:\/\/laestaciononline.com.ar\/?p=3740&#038;embed=true#?secret=943dgHPtiq#?secret=B9eLRPoFKu\" data-secret=\"B9eLRPoFKu\" width=\"600\" height=\"338\" frameborder=\"0\" marginwidth=\"0\" marginheight=\"0\" scrolling=\"no\"><\/iframe>\n<\/div><\/figure>\n\n\n\n<figure class=\"wp-block-embed is-type-wp-embed is-provider-embed wp-block-embed-embed\"><div class=\"wp-block-embed__wrapper\">\n<blockquote class=\"wp-embedded-content\" data-secret=\"eM6GqkwSbG\"><a href=\"https:\/\/laestaciononline.com.ar\/?p=3703\">Violenta pelea afuera de un boliche termina con un hombre fallecido en Mar del Plata<\/a><\/blockquote><iframe loading=\"lazy\" class=\"wp-embedded-content\" sandbox=\"allow-scripts\" security=\"restricted\" style=\"position: absolute; visibility: hidden;\" title=\"&#8220;Violenta pelea afuera de un boliche termina con un hombre fallecido en Mar del Plata&#8221; &#8212; \" src=\"https:\/\/laestaciononline.com.ar\/?p=3703&#038;embed=true#?secret=AdwyrgXiFs#?secret=eM6GqkwSbG\" data-secret=\"eM6GqkwSbG\" width=\"600\" height=\"338\" frameborder=\"0\" marginwidth=\"0\" marginheight=\"0\" scrolling=\"no\"><\/iframe>\n<\/div><\/figure>\n\n\n\n<figure class=\"wp-block-embed is-type-wp-embed is-provider-embed wp-block-embed-embed\"><div class=\"wp-block-embed__wrapper\">\n<blockquote class=\"wp-embedded-content\" data-secret=\"i5PI7XBz8v\"><a href=\"https:\/\/laestaciononline.com.ar\/?p=3660\">Violento asalto en Mar del Plata: cinco delincuentes armados robaron un almac\u00e9n y tomaron reh\u00e9n a una adolescente<\/a><\/blockquote><iframe loading=\"lazy\" class=\"wp-embedded-content\" sandbox=\"allow-scripts\" security=\"restricted\" style=\"position: absolute; visibility: hidden;\" title=\"&#8220;Violento asalto en Mar del Plata: cinco delincuentes armados robaron un almac\u00e9n y tomaron reh\u00e9n a una adolescente&#8221; &#8212; \" src=\"https:\/\/laestaciononline.com.ar\/?p=3660&#038;embed=true#?secret=nRzDsriYVh#?secret=i5PI7XBz8v\" data-secret=\"i5PI7XBz8v\" width=\"600\" height=\"338\" frameborder=\"0\" marginwidth=\"0\" marginheight=\"0\" scrolling=\"no\"><\/iframe>\n<\/div><\/figure>\n\n\n\n<figure class=\"wp-block-embed is-type-wp-embed is-provider-embed wp-block-embed-embed\"><div class=\"wp-block-embed__wrapper\">\n<blockquote class=\"wp-embedded-content\" data-secret=\"YL2O1Z0Rex\"><a href=\"https:\/\/laestaciononline.com.ar\/?p=3637\">Asalto en Mor\u00f3n: delincuente disfrazado de taekwondista golpea y arrastra a un jubilado para robarle<\/a><\/blockquote><iframe loading=\"lazy\" class=\"wp-embedded-content\" sandbox=\"allow-scripts\" security=\"restricted\" style=\"position: absolute; visibility: hidden;\" title=\"&#8220;Asalto en Mor\u00f3n: delincuente disfrazado de taekwondista golpea y arrastra a un jubilado para robarle&#8221; &#8212; \" src=\"https:\/\/laestaciononline.com.ar\/?p=3637&#038;embed=true#?secret=SBLcyBxnsg#?secret=YL2O1Z0Rex\" data-secret=\"YL2O1Z0Rex\" width=\"600\" height=\"338\" frameborder=\"0\" marginwidth=\"0\" marginheight=\"0\" scrolling=\"no\"><\/iframe>\n<\/div><\/figure>\n\n\n\n<figure class=\"wp-block-embed is-type-wp-embed is-provider-embed wp-block-embed-embed\"><div class=\"wp-block-embed__wrapper\">\n<blockquote class=\"wp-embedded-content\" data-secret=\"3qy3TmSU98\"><a href=\"https:\/\/laestaciononline.com.ar\/?p=3484\">En Adrogu\u00e9 detuvieron a una banda que realizaba estafas con la venta de veh\u00edculos<\/a><\/blockquote><iframe loading=\"lazy\" class=\"wp-embedded-content\" sandbox=\"allow-scripts\" security=\"restricted\" style=\"position: absolute; visibility: hidden;\" title=\"&#8220;En Adrogu\u00e9 detuvieron a una banda que realizaba estafas con la venta de veh\u00edculos&#8221; &#8212; \" src=\"https:\/\/laestaciononline.com.ar\/?p=3484&#038;embed=true#?secret=N4UErLZ0rh#?secret=3qy3TmSU98\" data-secret=\"3qy3TmSU98\" width=\"600\" height=\"338\" frameborder=\"0\" marginwidth=\"0\" marginheight=\"0\" scrolling=\"no\"><\/iframe>\n<\/div><\/figure>\n\n\n\n<figure class=\"wp-block-embed is-type-wp-embed is-provider-embed wp-block-embed-embed\"><div class=\"wp-block-embed__wrapper\">\n<blockquote class=\"wp-embedded-content\" data-secret=\"zbKbplgZWI\"><a href=\"https:\/\/laestaciononline.com.ar\/?p=3466\">Pinamar: le suspendieron la licencia a un conductor por manejar y grabar con el celular en los m\u00e9danos<\/a><\/blockquote><iframe loading=\"lazy\" class=\"wp-embedded-content\" sandbox=\"allow-scripts\" security=\"restricted\" style=\"position: absolute; visibility: hidden;\" title=\"&#8220;Pinamar: le suspendieron la licencia a un conductor por manejar y grabar con el celular en los m\u00e9danos&#8221; &#8212; \" src=\"https:\/\/laestaciononline.com.ar\/?p=3466&#038;embed=true#?secret=s1SYfYj9A1#?secret=zbKbplgZWI\" data-secret=\"zbKbplgZWI\" width=\"600\" height=\"338\" frameborder=\"0\" marginwidth=\"0\" marginheight=\"0\" scrolling=\"no\"><\/iframe>\n<\/div><\/figure>\n\n\n\n<figure class=\"wp-block-embed is-type-wp-embed is-provider-embed wp-block-embed-embed\"><div class=\"wp-block-embed__wrapper\">\n<blockquote class=\"wp-embedded-content\" data-secret=\"KGqsL0Ae0Q\"><a href=\"https:\/\/laestaciononline.com.ar\/?p=3449\">Violento robo expr\u00e9s en Bernal: un grupo de j\u00f3venes se alz\u00f3 con un auto frente a una familia<\/a><\/blockquote><iframe loading=\"lazy\" class=\"wp-embedded-content\" sandbox=\"allow-scripts\" security=\"restricted\" style=\"position: absolute; visibility: hidden;\" title=\"&#8220;Violento robo expr\u00e9s en Bernal: un grupo de j\u00f3venes se alz\u00f3 con un auto frente a una familia&#8221; &#8212; \" src=\"https:\/\/laestaciononline.com.ar\/?p=3449&#038;embed=true#?secret=y7yYl4ZIGW#?secret=KGqsL0Ae0Q\" data-secret=\"KGqsL0Ae0Q\" width=\"600\" height=\"338\" frameborder=\"0\" marginwidth=\"0\" marginheight=\"0\" scrolling=\"no\"><\/iframe>\n<\/div><\/figure>\n\n\n\n<figure class=\"wp-block-embed is-type-wp-embed is-provider-embed wp-block-embed-embed\"><div class=\"wp-block-embed__wrapper\">\n<blockquote class=\"wp-embedded-content\" data-secret=\"i9BmnVcok0\"><a href=\"https:\/\/laestaciononline.com.ar\/?p=3414\">Detenido en Vicente L\u00f3pez tras robar la cadena de un jubilado y tratar de cambiar su ropa para pasar desapercibido<\/a><\/blockquote><iframe loading=\"lazy\" class=\"wp-embedded-content\" sandbox=\"allow-scripts\" security=\"restricted\" style=\"position: absolute; visibility: hidden;\" title=\"&#8220;Detenido en Vicente L\u00f3pez tras robar la cadena de un jubilado y tratar de cambiar su ropa para pasar desapercibido&#8221; &#8212; \" src=\"https:\/\/laestaciononline.com.ar\/?p=3414&#038;embed=true#?secret=5en2qn0SMN#?secret=i9BmnVcok0\" data-secret=\"i9BmnVcok0\" width=\"600\" height=\"338\" frameborder=\"0\" marginwidth=\"0\" marginheight=\"0\" scrolling=\"no\"><\/iframe>\n<\/div><\/figure>\n\n\n\n<figure class=\"wp-block-embed is-type-wp-embed is-provider-embed wp-block-embed-embed\"><div class=\"wp-block-embed__wrapper\">\n<blockquote class=\"wp-embedded-content\" data-secret=\"j4Rwwp34JN\"><a href=\"https:\/\/laestaciononline.com.ar\/?p=3282\">Efectivo de Bomberos abati\u00f3 a dos presuntos asaltantes que lo quisieron robar en Quilmes<\/a><\/blockquote><iframe loading=\"lazy\" class=\"wp-embedded-content\" sandbox=\"allow-scripts\" security=\"restricted\" style=\"position: absolute; visibility: hidden;\" title=\"&#8220;Efectivo de Bomberos abati\u00f3 a dos presuntos asaltantes que lo quisieron robar en Quilmes&#8221; &#8212; \" src=\"https:\/\/laestaciononline.com.ar\/?p=3282&#038;embed=true#?secret=zkwjMD6EuD#?secret=j4Rwwp34JN\" data-secret=\"j4Rwwp34JN\" width=\"600\" height=\"338\" frameborder=\"0\" marginwidth=\"0\" marginheight=\"0\" scrolling=\"no\"><\/iframe>\n<\/div><\/figure>\n\n\n\n<figure class=\"wp-block-embed is-type-wp-embed is-provider-embed wp-block-embed-embed\"><div class=\"wp-block-embed__wrapper\">\n<blockquote class=\"wp-embedded-content\" data-secret=\"pZU0v9WvVY\"><a href=\"https:\/\/laestaciononline.com.ar\/?p=3137\">Disparos en la v\u00eda p\u00fablica: una despedida tumbera en Lan\u00fas sembr\u00f3 miedo entre los vecinos<\/a><\/blockquote><iframe loading=\"lazy\" class=\"wp-embedded-content\" sandbox=\"allow-scripts\" security=\"restricted\" style=\"position: absolute; visibility: hidden;\" title=\"&#8220;Disparos en la v\u00eda p\u00fablica: una despedida tumbera en Lan\u00fas sembr\u00f3 miedo entre los vecinos&#8221; &#8212; \" src=\"https:\/\/laestaciononline.com.ar\/?p=3137&#038;embed=true#?secret=5Lcg5EL3JW#?secret=pZU0v9WvVY\" data-secret=\"pZU0v9WvVY\" width=\"600\" height=\"338\" frameborder=\"0\" marginwidth=\"0\" marginheight=\"0\" scrolling=\"no\"><\/iframe>\n<\/div><\/figure>\n","protected":false},"excerpt":{"rendered":"","protected":false},"author":1,"featured_media":0,"parent":0,"menu_order":0,"comment_status":"closed","ping_status":"closed","template":"","meta":{"footnotes":""},"class_list":["post-3540","page","type-page","status-publish","hentry"],"_links":{"self":[{"href":"https:\/\/laestaciononline.com.ar\/index.php?rest_route=\/wp\/v2\/pages\/3540","targetHints":{"allow":["GET"]}}],"collection":[{"href":"https:\/\/laestaciononline.com.ar\/index.php?rest_route=\/wp\/v2\/pages"}],"about":[{"href":"https:\/\/laestaciononline.com.ar\/index.php?rest_route=\/wp\/v2\/types\/page"}],"author":[{"embeddable":true,"href":"https:\/\/laestaciononline.com.ar\/index.php?rest_route=\/wp\/v2\/users\/1"}],"replies":[{"embeddable":true,"href":"https:\/\/laestaciononline.com.ar\/index.php?rest_route=%2Fwp%2Fv2%2Fcomments&post=3540"}],"version-history":[{"count":12,"href":"https:\/\/laestaciononline.com.ar\/index.php?rest_route=\/wp\/v2\/pages\/3540\/revisions"}],"predecessor-version":[{"id":3984,"href":"https:\/\/laestaciononline.com.ar\/index.php?rest_route=\/wp\/v2\/pages\/3540\/revisions\/3984"}],"wp:attachment":[{"href":"https:\/\/laestaciononline.com.ar\/index.php?rest_route=%2Fwp%2Fv2%2Fmedia&parent=3540"}],"curies":[{"name":"wp","href":"https:\/\/api.w.org\/{rel}","templated":true}]}}